{"id":29,"date":"2016-12-29T20:44:23","date_gmt":"2016-12-29T19:44:23","guid":{"rendered":"http:\/\/von-den-woelfen.com\/wordpress\/?page_id=29"},"modified":"2017-01-05T12:38:00","modified_gmt":"2017-01-05T11:38:00","slug":"og-maintal","status":"publish","type":"page","link":"https:\/\/von-den-woelfen.com\/index.php\/og-maintal\/","title":{"rendered":"OG Maintal"},"content":{"rendered":"<p style=\"text-align: center;\"><strong>Thomas mit Zorro<\/strong><br \/>\n<img loading=\"lazy\" decoding=\"async\" class=\"alignnone wp-image-166 size-medium\" style=\"border: 1px solid #000000;\" src=\"http:\/\/von-den-woelfen.com\/wp-content\/uploads\/2016\/12\/SHF_2014_Feb_IMG_7607-300x200.jpg\" width=\"300\" height=\"200\" srcset=\"https:\/\/von-den-woelfen.com\/wp-content\/uploads\/2016\/12\/SHF_2014_Feb_IMG_7607-300x200.jpg 300w, https:\/\/von-den-woelfen.com\/wp-content\/uploads\/2016\/12\/SHF_2014_Feb_IMG_7607.jpg 400w\" sizes=\"(max-width: 300px) 100vw, 300px\" \/><\/p>\n<p style=\"text-align: center;\"><strong>Beate mit Ilka<\/strong><br \/>\n<img loading=\"lazy\" decoding=\"async\" class=\"alignnone wp-image-163 size-medium\" style=\"border: 1px solid #000000;\" src=\"http:\/\/von-den-woelfen.com\/wp-content\/uploads\/2016\/12\/SHF_2014_Feb_IMG_7500-300x200.jpg\" width=\"300\" height=\"200\" srcset=\"https:\/\/von-den-woelfen.com\/wp-content\/uploads\/2016\/12\/SHF_2014_Feb_IMG_7500-300x200.jpg 300w, https:\/\/von-den-woelfen.com\/wp-content\/uploads\/2016\/12\/SHF_2014_Feb_IMG_7500.jpg 400w\" sizes=\"(max-width: 300px) 100vw, 300px\" \/><\/p>\n<p style=\"text-align: center;\"><strong>Gerhard, Helga und Heinz<\/strong><br \/>\n<img loading=\"lazy\" decoding=\"async\" class=\"alignnone wp-image-171 size-medium\" style=\"border: 1px solid #000000;\" src=\"http:\/\/von-den-woelfen.com\/wp-content\/uploads\/2016\/12\/SHF_2014_Feb_IMG_7767-300x200.jpg\" width=\"300\" height=\"200\" srcset=\"https:\/\/von-den-woelfen.com\/wp-content\/uploads\/2016\/12\/SHF_2014_Feb_IMG_7767-300x200.jpg 300w, https:\/\/von-den-woelfen.com\/wp-content\/uploads\/2016\/12\/SHF_2014_Feb_IMG_7767.jpg 400w\" sizes=\"(max-width: 300px) 100vw, 300px\" \/><\/p>\n<p style=\"text-align: center;\"><strong>Jens und Christiane mit Odin<\/strong><br \/>\n<img loading=\"lazy\" decoding=\"async\" class=\"alignnone wp-image-169 size-medium\" style=\"border: 1px solid #000000;\" src=\"http:\/\/von-den-woelfen.com\/wp-content\/uploads\/2016\/12\/SHF_2014_Feb_IMG_7707-300x200.jpg\" width=\"300\" height=\"200\" srcset=\"https:\/\/von-den-woelfen.com\/wp-content\/uploads\/2016\/12\/SHF_2014_Feb_IMG_7707-300x200.jpg 300w, https:\/\/von-den-woelfen.com\/wp-content\/uploads\/2016\/12\/SHF_2014_Feb_IMG_7707.jpg 400w\" sizes=\"(max-width: 300px) 100vw, 300px\" \/><\/p>\n<p style=\"text-align: center;\"><strong>Michael mit Qimba<\/strong><br \/>\n<img loading=\"lazy\" decoding=\"async\" class=\"alignnone wp-image-162 size-medium\" style=\"border: 1px solid #000000;\" src=\"http:\/\/von-den-woelfen.com\/wp-content\/uploads\/2016\/12\/SHF_2014_Feb_IMG_7062-300x200.jpg\" width=\"300\" height=\"200\" srcset=\"https:\/\/von-den-woelfen.com\/wp-content\/uploads\/2016\/12\/SHF_2014_Feb_IMG_7062-300x200.jpg 300w, https:\/\/von-den-woelfen.com\/wp-content\/uploads\/2016\/12\/SHF_2014_Feb_IMG_7062.jpg 400w\" sizes=\"(max-width: 300px) 100vw, 300px\" \/><\/p>\n<p style=\"text-align: center;\"><strong>Alexandra mit Ariane<\/strong><br \/>\n<img loading=\"lazy\" decoding=\"async\" class=\"alignnone wp-image-168 size-medium\" style=\"border: 1px solid #000000;\" src=\"http:\/\/von-den-woelfen.com\/wp-content\/uploads\/2016\/12\/SHF_2014_Feb_IMG_7688-300x200.jpg\" width=\"300\" height=\"200\" srcset=\"https:\/\/von-den-woelfen.com\/wp-content\/uploads\/2016\/12\/SHF_2014_Feb_IMG_7688-300x200.jpg 300w, https:\/\/von-den-woelfen.com\/wp-content\/uploads\/2016\/12\/SHF_2014_Feb_IMG_7688.jpg 400w\" sizes=\"(max-width: 300px) 100vw, 300px\" \/><\/p>\n<p style=\"text-align: center;\"><strong>Sascha mit Frank vom Eichbaum<\/strong><br \/>\n<img loading=\"lazy\" decoding=\"async\" class=\"alignnone wp-image-173 size-medium\" style=\"border: 1px solid #000000;\" src=\"http:\/\/von-den-woelfen.com\/wp-content\/uploads\/2016\/12\/SHF_2015_Nov_IMG_2123-Bearbeitet_WEB-300x200.jpg\" width=\"300\" height=\"200\" srcset=\"https:\/\/von-den-woelfen.com\/wp-content\/uploads\/2016\/12\/SHF_2015_Nov_IMG_2123-Bearbeitet_WEB-300x200.jpg 300w, https:\/\/von-den-woelfen.com\/wp-content\/uploads\/2016\/12\/SHF_2015_Nov_IMG_2123-Bearbeitet_WEB-768x512.jpg 768w, https:\/\/von-den-woelfen.com\/wp-content\/uploads\/2016\/12\/SHF_2015_Nov_IMG_2123-Bearbeitet_WEB-1024x683.jpg 1024w, https:\/\/von-den-woelfen.com\/wp-content\/uploads\/2016\/12\/SHF_2015_Nov_IMG_2123-Bearbeitet_WEB-619x413.jpg 619w, https:\/\/von-den-woelfen.com\/wp-content\/uploads\/2016\/12\/SHF_2015_Nov_IMG_2123-Bearbeitet_WEB.jpg 1200w\" sizes=\"(max-width: 300px) 100vw, 300px\" \/><\/p>\n<p style=\"text-align: center;\"><strong>Natali Fiedler mit Isy v. M\u00f6rfelder Land<\/strong><br \/>\n<img loading=\"lazy\" decoding=\"async\" class=\"alignnone wp-image-174 size-medium\" style=\"border: 1px solid #000000;\" src=\"http:\/\/von-den-woelfen.com\/wp-content\/uploads\/2016\/12\/SHF_2015_Nov_IMG_2471-Bearbeitet_WEB-300x200.jpg\" width=\"300\" height=\"200\" srcset=\"https:\/\/von-den-woelfen.com\/wp-content\/uploads\/2016\/12\/SHF_2015_Nov_IMG_2471-Bearbeitet_WEB-300x200.jpg 300w, https:\/\/von-den-woelfen.com\/wp-content\/uploads\/2016\/12\/SHF_2015_Nov_IMG_2471-Bearbeitet_WEB-768x512.jpg 768w, https:\/\/von-den-woelfen.com\/wp-content\/uploads\/2016\/12\/SHF_2015_Nov_IMG_2471-Bearbeitet_WEB-1024x683.jpg 1024w, https:\/\/von-den-woelfen.com\/wp-content\/uploads\/2016\/12\/SHF_2015_Nov_IMG_2471-Bearbeitet_WEB-619x413.jpg 619w, https:\/\/von-den-woelfen.com\/wp-content\/uploads\/2016\/12\/SHF_2015_Nov_IMG_2471-Bearbeitet_WEB.jpg 1200w\" sizes=\"(max-width: 300px) 100vw, 300px\" \/><\/p>\n<p style=\"text-align: center;\"><strong>Mandy mit Parissa von Rapicar<\/strong><br \/>\n<img loading=\"lazy\" decoding=\"async\" class=\"alignnone wp-image-161 size-medium\" style=\"border: 1px solid #000000;\" src=\"http:\/\/von-den-woelfen.com\/wp-content\/uploads\/2016\/12\/NM_2014_Maerz_IMG_9937-300x200.jpg\" width=\"300\" height=\"200\" srcset=\"https:\/\/von-den-woelfen.com\/wp-content\/uploads\/2016\/12\/NM_2014_Maerz_IMG_9937-300x200.jpg 300w, https:\/\/von-den-woelfen.com\/wp-content\/uploads\/2016\/12\/NM_2014_Maerz_IMG_9937.jpg 400w\" sizes=\"(max-width: 300px) 100vw, 300px\" \/><\/p>\n<p style=\"text-align: center;\"><strong>Birgit mit Quper von den W\u00f6lfen<\/strong><\/p>\n<p style=\"text-align: center;\"><img loading=\"lazy\" decoding=\"async\" class=\"alignnone wp-image-170 size-medium\" style=\"border: 1px solid #000000; margin-top: -10px;\" src=\"http:\/\/von-den-woelfen.com\/wordpress\/wp-content\/uploads\/2016\/12\/SHF_2014_Feb_IMG_7723-300x200.jpg\" width=\"300\" height=\"200\" srcset=\"https:\/\/von-den-woelfen.com\/wp-content\/uploads\/2016\/12\/SHF_2014_Feb_IMG_7723-300x200.jpg 300w, https:\/\/von-den-woelfen.com\/wp-content\/uploads\/2016\/12\/SHF_2014_Feb_IMG_7723.jpg 400w\" sizes=\"(max-width: 300px) 100vw, 300px\" \/><\/p>\n<p style=\"text-align: center;\"><strong>Brigitte mit Rocker von den W\u00f6lfen<\/strong><br \/>\n<img loading=\"lazy\" decoding=\"async\" class=\"alignnone wp-image-164 size-medium\" style=\"border: 1px solid #000000;\" src=\"http:\/\/von-den-woelfen.com\/wp-content\/uploads\/2016\/12\/SHF_2014_Feb_IMG_7510-300x200.jpg\" width=\"300\" height=\"200\" srcset=\"https:\/\/von-den-woelfen.com\/wp-content\/uploads\/2016\/12\/SHF_2014_Feb_IMG_7510-300x200.jpg 300w, https:\/\/von-den-woelfen.com\/wp-content\/uploads\/2016\/12\/SHF_2014_Feb_IMG_7510.jpg 400w\" sizes=\"(max-width: 300px) 100vw, 300px\" \/><\/p>\n<p style=\"text-align: center;\"><strong>Anja und Karl-Heinz<\/strong><br \/>\n<img loading=\"lazy\" decoding=\"async\" class=\"alignnone wp-image-167 size-medium\" style=\"border: 1px solid #000000;\" src=\"http:\/\/von-den-woelfen.com\/wp-content\/uploads\/2016\/12\/SHF_2014_Feb_IMG_7652-300x200.jpg\" width=\"300\" height=\"200\" srcset=\"https:\/\/von-den-woelfen.com\/wp-content\/uploads\/2016\/12\/SHF_2014_Feb_IMG_7652-300x200.jpg 300w, https:\/\/von-den-woelfen.com\/wp-content\/uploads\/2016\/12\/SHF_2014_Feb_IMG_7652.jpg 400w\" sizes=\"(max-width: 300px) 100vw, 300px\" \/><\/p>\n<p style=\"text-align: center;\"><strong>Rolf mit Varo vom Ebsdorfer Grund<\/strong><\/p>\n<p><img loading=\"lazy\" decoding=\"async\" class=\"alignnone wp-image-165 size-medium aligncenter\" style=\"border: 1px solid #000000; margin-top: -10px;\" src=\"http:\/\/von-den-woelfen.com\/wp-content\/uploads\/2016\/12\/SHF_2014_Feb_IMG_7587-300x200.jpg\" width=\"300\" height=\"200\" srcset=\"https:\/\/von-den-woelfen.com\/wp-content\/uploads\/2016\/12\/SHF_2014_Feb_IMG_7587-300x200.jpg 300w, https:\/\/von-den-woelfen.com\/wp-content\/uploads\/2016\/12\/SHF_2014_Feb_IMG_7587.jpg 400w\" sizes=\"(max-width: 300px) 100vw, 300px\" \/><\/p>\n","protected":false},"excerpt":{"rendered":"<p>Thomas mit Zorro Beate mit Ilka Gerhard, Helga und Heinz Jens und Christiane mit Odin Michael mit Qimba Alexandra mit Ariane Sascha mit Frank vom Eichbaum Natali Fiedler mit Isy v. M\u00f6rfelder Land Mandy mit Parissa von Rapicar Birgit mit Quper von den W\u00f6lfen Brigitte mit Rocker von den W\u00f6lfen Anja und Karl-Heinz Rolf mit [&hellip;]<\/p>\n","protected":false},"author":1,"featured_media":0,"parent":0,"menu_order":0,"comment_status":"closed","ping_status":"closed","template":"","meta":{"footnotes":""},"_links":{"self":[{"href":"https:\/\/von-den-woelfen.com\/index.php\/wp-json\/wp\/v2\/pages\/29"}],"collection":[{"href":"https:\/\/von-den-woelfen.com\/index.php\/wp-json\/wp\/v2\/pages"}],"about":[{"href":"https:\/\/von-den-woelfen.com\/index.php\/wp-json\/wp\/v2\/types\/page"}],"author":[{"embeddable":true,"href":"https:\/\/von-den-woelfen.com\/index.php\/wp-json\/wp\/v2\/users\/1"}],"replies":[{"embeddable":true,"href":"https:\/\/von-den-woelfen.com\/index.php\/wp-json\/wp\/v2\/comments?post=29"}],"version-history":[{"count":15,"href":"https:\/\/von-den-woelfen.com\/index.php\/wp-json\/wp\/v2\/pages\/29\/revisions"}],"predecessor-version":[{"id":530,"href":"https:\/\/von-den-woelfen.com\/index.php\/wp-json\/wp\/v2\/pages\/29\/revisions\/530"}],"wp:attachment":[{"href":"https:\/\/von-den-woelfen.com\/index.php\/wp-json\/wp\/v2\/media?parent=29"}],"curies":[{"name":"wp","href":"https:\/\/api.w.org\/{rel}","templated":true}]}}