{"id":19,"date":"2016-12-29T20:43:25","date_gmt":"2016-12-29T19:43:25","guid":{"rendered":"http:\/\/von-den-woelfen.com\/wordpress\/?page_id=19"},"modified":"2022-12-21T19:39:37","modified_gmt":"2022-12-21T18:39:37","slug":"deckrueden","status":"publish","type":"page","link":"https:\/\/von-den-woelfen.com\/index.php\/deckrueden\/","title":{"rendered":"Deckr\u00fcden"},"content":{"rendered":"<p style=\"text-align: center;\"><strong>Hier erhalten Sie ausf\u00fchrliche Informationen zu unseren Deckr\u00fcden und deren Erfolge<\/strong><br \/>\n<img loading=\"lazy\" decoding=\"async\" class=\"aligncenter wp-image-100 size-full\" style=\"border: 2px solid #000000;\" src=\"http:\/\/von-den-woelfen.com\/wp-content\/uploads\/2016\/12\/bundessieger_falko.jpg\" width=\"654\" height=\"200\" srcset=\"https:\/\/von-den-woelfen.com\/wp-content\/uploads\/2016\/12\/bundessieger_falko.jpg 654w, https:\/\/von-den-woelfen.com\/wp-content\/uploads\/2016\/12\/bundessieger_falko-300x92.jpg 300w, https:\/\/von-den-woelfen.com\/wp-content\/uploads\/2016\/12\/bundessieger_falko-619x189.jpg 619w\" sizes=\"(max-width: 654px) 100vw, 654px\" \/><\/p>\n<p style=\"text-align: center;\">Nicht alle R\u00fcden befinden sich in meinem Besitz. Bitte kontaktieren Sie gegebenenfalls den<br \/>\njeweiligen Eigent\u00fcmer&#8230;.<\/p>\n<p>&nbsp;<\/p>\n<h3 style=\"text-align: center;\"><a href=\"http:\/\/von-den-woelfen.com\/index.php\/deckrueden-lord-ad-guer\/\"><span style=\"font-size: 14pt;\"><strong>Lord Ad-G\u00fcr<\/strong><\/span><\/a><\/h3>\n<p style=\"text-align: center;\"><a href=\"http:\/\/von-den-woelfen.com\/index.php\/deckrueden-lord-ad-guer\/\"><img loading=\"lazy\" decoding=\"async\" class=\"alignnone wp-image-1706\" style=\"border: 1px solid #000000; margin-top: -10px;\" src=\"http:\/\/von-den-woelfen.com\/wp-content\/uploads\/2018\/10\/Lord.jpg\" alt=\"\" width=\"400\" height=\"267\" srcset=\"https:\/\/von-den-woelfen.com\/wp-content\/uploads\/2018\/10\/Lord.jpg 1600w, https:\/\/von-den-woelfen.com\/wp-content\/uploads\/2018\/10\/Lord-300x200.jpg 300w, https:\/\/von-den-woelfen.com\/wp-content\/uploads\/2018\/10\/Lord-768x512.jpg 768w, https:\/\/von-den-woelfen.com\/wp-content\/uploads\/2018\/10\/Lord-1024x682.jpg 1024w, https:\/\/von-den-woelfen.com\/wp-content\/uploads\/2018\/10\/Lord-619x412.jpg 619w\" sizes=\"(max-width: 400px) 100vw, 400px\" \/><\/a><\/p>\n<p style=\"text-align: center;\">\n<h3 style=\"text-align: center;\"><strong><span style=\"color: #339966;\">\u00a0<\/span><\/strong><\/h3>\n<p style=\"text-align: center;\"><em><strong><span style=\"color: #339966;\">ehemalige Deckr\u00fcden<\/span><\/strong><\/em><\/p>\n<h3 style=\"text-align: center;\"><a href=\"http:\/\/von-den-woelfen.com\/index.php\/deckrueden-zorro-von-der-mordschau\/\"><strong>Zorro von der Mordschau<\/strong><\/a><\/h3>\n<p style=\"text-align: center;\"><a href=\"http:\/\/von-den-woelfen.com\/index.php\/deckrueden-zorro-von-der-mordschau\/\"><img loading=\"lazy\" decoding=\"async\" class=\"alignnone wp-image-103\" style=\"border: 2px solid #000000; margin-top: -10px;\" src=\"http:\/\/von-den-woelfen.com\/wp-content\/uploads\/2016\/12\/IMG_2211_smal.jpg\" width=\"350\" height=\"233\" srcset=\"https:\/\/von-den-woelfen.com\/wp-content\/uploads\/2016\/12\/IMG_2211_smal.jpg 486w, https:\/\/von-den-woelfen.com\/wp-content\/uploads\/2016\/12\/IMG_2211_smal-300x200.jpg 300w\" sizes=\"(max-width: 350px) 100vw, 350px\" \/><\/a><\/p>\n<h3 style=\"text-align: center;\"><strong>Mika vom W\u00e4llerhorst<\/strong><\/h3>\n<p style=\"text-align: center;\"><img loading=\"lazy\" decoding=\"async\" class=\"alignnone wp-image-113\" style=\"border: 2px solid #000000; margin-top: -10px;\" src=\"http:\/\/von-den-woelfen.com\/wp-content\/uploads\/2016\/12\/mika_wllerhorst_standbild.jpg\" width=\"350\" height=\"232\" srcset=\"https:\/\/von-den-woelfen.com\/wp-content\/uploads\/2016\/12\/mika_wllerhorst_standbild.jpg 416w, https:\/\/von-den-woelfen.com\/wp-content\/uploads\/2016\/12\/mika_wllerhorst_standbild-300x199.jpg 300w\" sizes=\"(max-width: 350px) 100vw, 350px\" \/><\/p>\n<h3 style=\"text-align: center;\"><strong>Falk von den W\u00f6lfen<\/strong><\/h3>\n<p><img loading=\"lazy\" decoding=\"async\" class=\"aligncenter wp-image-115\" style=\"border: 2px solid #000000; margin-top: -10px;\" src=\"http:\/\/von-den-woelfen.com\/wp-content\/uploads\/2016\/12\/falk_woelfen.jpg\" width=\"350\" height=\"255\" srcset=\"https:\/\/von-den-woelfen.com\/wp-content\/uploads\/2016\/12\/falk_woelfen.jpg 406w, https:\/\/von-den-woelfen.com\/wp-content\/uploads\/2016\/12\/falk_woelfen-300x219.jpg 300w\" sizes=\"(max-width: 350px) 100vw, 350px\" \/><\/p>\n<p>&nbsp;<\/p>\n<h3 style=\"text-align: center;\"><strong>Connor von der Staatsmacht<\/strong><\/h3>\n<p style=\"text-align: center;\"><img loading=\"lazy\" decoding=\"async\" class=\"alignnone wp-image-116\" style=\"border: 2px solid #000000; margin-top: -10px;\" src=\"http:\/\/von-den-woelfen.com\/wp-content\/uploads\/2016\/12\/conner_staatsmacht.jpg\" width=\"350\" height=\"253\" srcset=\"https:\/\/von-den-woelfen.com\/wp-content\/uploads\/2016\/12\/conner_staatsmacht.jpg 400w, https:\/\/von-den-woelfen.com\/wp-content\/uploads\/2016\/12\/conner_staatsmacht-300x217.jpg 300w\" sizes=\"(max-width: 350px) 100vw, 350px\" \/><\/p>\n<h3 style=\"text-align: center;\"><strong>Falko vom Wolfsblick<\/strong><\/h3>\n<p style=\"text-align: center;\"><img loading=\"lazy\" decoding=\"async\" class=\"alignnone wp-image-117\" style=\"border: 2px solid #000000; margin-top: -10px;\" src=\"http:\/\/von-den-woelfen.com\/wp-content\/uploads\/2016\/12\/falko_wolfsblick.jpg\" width=\"350\" height=\"258\" srcset=\"https:\/\/von-den-woelfen.com\/wp-content\/uploads\/2016\/12\/falko_wolfsblick.jpg 406w, https:\/\/von-den-woelfen.com\/wp-content\/uploads\/2016\/12\/falko_wolfsblick-300x221.jpg 300w\" sizes=\"(max-width: 350px) 100vw, 350px\" \/><\/p>\n","protected":false},"excerpt":{"rendered":"<p>Hier erhalten Sie ausf\u00fchrliche Informationen zu unseren Deckr\u00fcden und deren Erfolge Nicht alle R\u00fcden befinden sich in meinem Besitz. Bitte kontaktieren Sie gegebenenfalls den jeweiligen Eigent\u00fcmer&#8230;. &nbsp; Lord Ad-G\u00fcr \u00a0 ehemalige Deckr\u00fcden Zorro von der Mordschau Mika vom W\u00e4llerhorst Falk von den W\u00f6lfen &nbsp; Connor von der Staatsmacht Falko vom Wolfsblick<\/p>\n","protected":false},"author":1,"featured_media":0,"parent":0,"menu_order":0,"comment_status":"closed","ping_status":"closed","template":"","meta":{"footnotes":""},"_links":{"self":[{"href":"https:\/\/von-den-woelfen.com\/index.php\/wp-json\/wp\/v2\/pages\/19"}],"collection":[{"href":"https:\/\/von-den-woelfen.com\/index.php\/wp-json\/wp\/v2\/pages"}],"about":[{"href":"https:\/\/von-den-woelfen.com\/index.php\/wp-json\/wp\/v2\/types\/page"}],"author":[{"embeddable":true,"href":"https:\/\/von-den-woelfen.com\/index.php\/wp-json\/wp\/v2\/users\/1"}],"replies":[{"embeddable":true,"href":"https:\/\/von-den-woelfen.com\/index.php\/wp-json\/wp\/v2\/comments?post=19"}],"version-history":[{"count":40,"href":"https:\/\/von-den-woelfen.com\/index.php\/wp-json\/wp\/v2\/pages\/19\/revisions"}],"predecessor-version":[{"id":2377,"href":"https:\/\/von-den-woelfen.com\/index.php\/wp-json\/wp\/v2\/pages\/19\/revisions\/2377"}],"wp:attachment":[{"href":"https:\/\/von-den-woelfen.com\/index.php\/wp-json\/wp\/v2\/media?parent=19"}],"curies":[{"name":"wp","href":"https:\/\/api.w.org\/{rel}","templated":true}]}}