{"id":15,"date":"2016-12-29T20:42:47","date_gmt":"2016-12-29T19:42:47","guid":{"rendered":"http:\/\/von-den-woelfen.com\/wordpress\/?page_id=15"},"modified":"2023-08-21T17:42:43","modified_gmt":"2023-08-21T15:42:43","slug":"seminare","status":"publish","type":"page","link":"https:\/\/von-den-woelfen.com\/index.php\/seminare\/","title":{"rendered":"Seminare"},"content":{"rendered":"<p><img loading=\"lazy\" decoding=\"async\" class=\"aligncenter wp-image-71 size-full\" style=\"border: 2px solid #000000; margin-bottom: 40px;\" src=\"http:\/\/von-den-woelfen.com\/wp-content\/uploads\/2016\/12\/seminare.jpg\" alt=\"\" width=\"550\" height=\"80\" srcset=\"https:\/\/von-den-woelfen.com\/wp-content\/uploads\/2016\/12\/seminare.jpg 550w, https:\/\/von-den-woelfen.com\/wp-content\/uploads\/2016\/12\/seminare-300x44.jpg 300w\" sizes=\"(max-width: 550px) 100vw, 550px\" \/><\/p>\n<p>&nbsp;<\/p>\n<p>&nbsp;<\/p>\n<p style=\"text-align: center;\"><span style=\"color: #993300; font-size: 14pt;\"><strong><em>Anmeldung per email an: lapp.th61@arcor.de<\/em><\/strong><\/span><\/p>\n<h2><\/h2>\n<h2 style=\"text-align: center;\"><span style=\"color: #008000;\"><strong>&#8222;Moderner Hundesport&#8220;<\/strong><\/span><\/h2>\n<p style=\"text-align: center;\"><strong>&#8230; kehrt der traditionellen Hundeausbildung den R\u00fccken.<\/strong><\/p>\n<p style=\"text-align: center;\"><strong>&#8230; der Hund und Hundef\u00fchrer Spa\u00df macht, den wir in der \u00d6ffentlichkeit zeigen k\u00f6nnen und der letztendlich erfolgreich ist.<\/strong><\/p>\n<h3><\/h3>\n<h3><span style=\"color: #008000;\"><strong>F\u00e4hrte<\/strong><\/span><\/h3>\n<ul>\n<li>Erfolgreiche F\u00e4hrtenarbeit ist das Ergebnis aus kontrollierter Motivation, optimaler Konzentration und geregelter Geschwindigkeit.<\/li>\n<li>Wir vermitteln den gezielten Aufbau vom Welpen zum stabilen, sicheren F\u00e4hrtenhund.<\/li>\n<\/ul>\n<h3><span style=\"color: #008000;\"><strong>Unterordnung<\/strong><\/span><\/h3>\n<ul>\n<li>Das Verhalten des Hundes erkennen und verstehen ist die Basis f\u00fcr eine erfolgreiche Ausbildung.<\/li>\n<li>Wir zeigen wie man Triebe in allen Bereichen optimal f\u00f6rdert um so eine ideale Grundlage f\u00fcr die Ausbildung zu schaffen.<\/li>\n<li>Technische \u00dcbungen werden \u00fcber Motivation auf trieblicher Basis erarbeitet.<\/li>\n<li>Das Bilden von Reflexen (Naturgegebenheiten) ersetzt Zwang und Meideverhalten und erm\u00f6glicht somit eine sichere Ausf\u00fchrung der \u00dcbungen und gr\u00f6\u00dft m\u00f6gliche Stabilit\u00e4t.<\/li>\n<li>Das Lernen scheitert oft an unkorrekten Best\u00e4tigungen und missverst\u00e4ndlicher Kommunikation. Wir zeigen wie man zielgerichtet best\u00e4tigt, pr\u00e4zise Verhaltensinformationen vermittelt und dadurch Ausbildungsstabilit\u00e4t erh\u00e4lt.<\/li>\n<\/ul>\n<h3><span style=\"color: #008000;\"><strong>Schutzdienst<\/strong><\/span><\/h3>\n<ul>\n<li>Wir vermitteln eine Schutzdienstausbildung die neben einer systematischen Gehorsamsebene und der von der PO geforderten hohen Technik aufgrund einer optimalen trieblichen F\u00f6rderung, die Gebrauchshundeeigenschaften ideal demonstriert.<\/li>\n<li>Nicht Wehrtrieb und Aggression, sondern Selbstbewusstsein dem Helfer gegen\u00fcber und klare Regeln im Schutzdienst sind die Basis f\u00fcr Sicherheit und Dominanz.<\/li>\n<li>Erfolgreiche Ausbildung im Schutzdienst durch ein nachvollziehbares System, dass dem Hund richtige L\u00f6sungswege aufzeigt<\/li>\n<li>Unterordnungsphasen im Schutzdienst werden trieblich erarbeitet.<\/li>\n<\/ul>\n","protected":false},"excerpt":{"rendered":"<p>&nbsp; &nbsp; Anmeldung per email an: lapp.th61@arcor.de &#8222;Moderner Hundesport&#8220; &#8230; kehrt der traditionellen Hundeausbildung den R\u00fccken. &#8230; der Hund und Hundef\u00fchrer Spa\u00df macht, den wir in der \u00d6ffentlichkeit zeigen k\u00f6nnen und der letztendlich erfolgreich ist. F\u00e4hrte Erfolgreiche F\u00e4hrtenarbeit ist das Ergebnis aus kontrollierter Motivation, optimaler Konzentration und geregelter Geschwindigkeit. Wir vermitteln den gezielten Aufbau vom [&hellip;]<\/p>\n","protected":false},"author":1,"featured_media":0,"parent":0,"menu_order":0,"comment_status":"closed","ping_status":"closed","template":"","meta":{"footnotes":""},"_links":{"self":[{"href":"https:\/\/von-den-woelfen.com\/index.php\/wp-json\/wp\/v2\/pages\/15"}],"collection":[{"href":"https:\/\/von-den-woelfen.com\/index.php\/wp-json\/wp\/v2\/pages"}],"about":[{"href":"https:\/\/von-den-woelfen.com\/index.php\/wp-json\/wp\/v2\/types\/page"}],"author":[{"embeddable":true,"href":"https:\/\/von-den-woelfen.com\/index.php\/wp-json\/wp\/v2\/users\/1"}],"replies":[{"embeddable":true,"href":"https:\/\/von-den-woelfen.com\/index.php\/wp-json\/wp\/v2\/comments?post=15"}],"version-history":[{"count":50,"href":"https:\/\/von-den-woelfen.com\/index.php\/wp-json\/wp\/v2\/pages\/15\/revisions"}],"predecessor-version":[{"id":2428,"href":"https:\/\/von-den-woelfen.com\/index.php\/wp-json\/wp\/v2\/pages\/15\/revisions\/2428"}],"wp:attachment":[{"href":"https:\/\/von-den-woelfen.com\/index.php\/wp-json\/wp\/v2\/media?parent=15"}],"curies":[{"name":"wp","href":"https:\/\/api.w.org\/{rel}","templated":true}]}}