{"id":13,"date":"2016-12-29T20:42:37","date_gmt":"2016-12-29T19:42:37","guid":{"rendered":"http:\/\/von-den-woelfen.com\/wordpress\/?page_id=13"},"modified":"2017-01-05T12:35:10","modified_gmt":"2017-01-05T11:35:10","slug":"historie","status":"publish","type":"page","link":"https:\/\/von-den-woelfen.com\/index.php\/historie\/","title":{"rendered":"Historie"},"content":{"rendered":"<p>Meine Hundebegeisterung begann mit 13, als mich ein Bekannter meiner Eltern mit<br \/>\nzum Hundeplatz nahm und ich dort die Ausbildung der Hunde beobachten konnte.<\/p>\n<p>Mit 15 bekam ich den ersten 7 Monate alten R\u00fcden gekauft. Ich trat 1976 der OG Maintal<br \/>\nbei und bin bis heute in der OG Maintal als Zuchtwart und Helfer im Schutzdienst t\u00e4tig.<\/p>\n<p>Mit meinem ersten Hund &#8222;Harry v. D\u00e4chselberg&#8220; konnte ich mich 1980 bis zur Siegerpr\u00fcfung qualifizieren und konnte dort mit 100 Punkten den besten Schutzdienst machen.<\/p>\n<p><img loading=\"lazy\" decoding=\"async\" class=\"alignnone size-full wp-image-67\" src=\"http:\/\/von-den-woelfen.com\/wp-content\/uploads\/2016\/12\/erste_erfolge_harry.jpg\" alt=\"\" width=\"210\" height=\"256\" \/>\u00a0\u00a0\u00a0\u00a0\u00a0\u00a0\u00a0\u00a0\u00a0 <img loading=\"lazy\" decoding=\"async\" class=\"alignnone size-full wp-image-69\" src=\"http:\/\/von-den-woelfen.com\/wp-content\/uploads\/2016\/12\/quali-1987-xento.jpg\" alt=\"\" width=\"131\" height=\"257\" \/><\/p>\n<p>An Landesausscheidungen habe ich 29mal, mit 13 verschiedenen Hunden teilgenommen.<br \/>\nDen Titel des Landessiegers erreichte ich in den Jahren 1984, 1997, 1999 und 2003.<\/p>\n<p>Ich konnte mich 18mal zur Bundessiegerpr\u00fcfung qualifizieren. Ich f\u00fchrte 16mal und erreichte dort 7mal die Gesamtbewertung SG und 7mal die Gesamtbewertung Vorz\u00fcglich.<\/p>\n<p>Mir Ahron von Granit Rose erreichte ich im Jahre 2001 Platz 6 und mit Falk von den W\u00f6lfen<br \/>\n(ein von mir selbst gez\u00fcchteter R\u00fcde) konnte ich 2003 Platz 9 belegen.<\/p>\n<p>F\u00fcr die WUSV-WM habe ich mich 1996 und 1997 mit meinem R\u00fcden Dasty vom Hainpark<br \/>\nqualifiziert und belegte 1996 in Finnland Platz 7 und 1997 in der Schweiz als bester<\/p>\n<p>Deutscher Platz 9. WUSV-WM 2007 in der Slowakei und 2008 in der USA wurde ich mit<br \/>\nder deutschen Mannschaft Mannschaftsweltmeister und belegte 2007 Platz 9 und 2008 im Einzel Platz 16.<\/p>\n<p>Als Lohn f\u00fcr die abgelegten Pr\u00fcfungen erhielt ich 1987 das WUSV Sonderleistungs-sportabzeichen Stufe II. 1996 wurde mir die SV Verdienstspange in Silber verliehen.<\/p>\n<p>1998 z\u00fcchtete ich meinen ersten Wurf und konnte mich 2003 als Landessieger<br \/>\nmit einem selbstgez\u00fcchteten Hund &#8222;Falk von den W\u00f6lfen&#8220; zur BSP qualifizieren.<\/p>\n<p><img loading=\"lazy\" decoding=\"async\" class=\"alignnone size-full wp-image-68\" src=\"http:\/\/von-den-woelfen.com\/wp-content\/uploads\/2016\/12\/lga-sieger-2003.jpg\" alt=\"\" width=\"143\" height=\"256\" \/><\/p>\n<p>Im November 2002 konnte ich die Pr\u00fcfung als Leistungsrichter bestehen.<br \/>\n2007 wurde ich mit Falko vom Wolfsblick Bundessieger.<\/p>\n<p><img loading=\"lazy\" decoding=\"async\" class=\"alignnone size-medium wp-image-66\" src=\"http:\/\/von-den-woelfen.com\/wp-content\/uploads\/2016\/12\/24-lapp-sieger-168x300.jpg\" alt=\"\" width=\"168\" height=\"300\" srcset=\"https:\/\/von-den-woelfen.com\/wp-content\/uploads\/2016\/12\/24-lapp-sieger-168x300.jpg 168w, https:\/\/von-den-woelfen.com\/wp-content\/uploads\/2016\/12\/24-lapp-sieger.jpg 283w\" sizes=\"(max-width: 168px) 100vw, 168px\" \/><\/p>\n","protected":false},"excerpt":{"rendered":"<p>Meine Hundebegeisterung begann mit 13, als mich ein Bekannter meiner Eltern mit zum Hundeplatz nahm und ich dort die Ausbildung der Hunde beobachten konnte. Mit 15 bekam ich den ersten 7 Monate alten R\u00fcden gekauft. Ich trat 1976 der OG Maintal bei und bin bis heute in der OG Maintal als Zuchtwart und Helfer im [&hellip;]<\/p>\n","protected":false},"author":1,"featured_media":0,"parent":0,"menu_order":0,"comment_status":"closed","ping_status":"closed","template":"","meta":{"footnotes":""},"_links":{"self":[{"href":"https:\/\/von-den-woelfen.com\/index.php\/wp-json\/wp\/v2\/pages\/13"}],"collection":[{"href":"https:\/\/von-den-woelfen.com\/index.php\/wp-json\/wp\/v2\/pages"}],"about":[{"href":"https:\/\/von-den-woelfen.com\/index.php\/wp-json\/wp\/v2\/types\/page"}],"author":[{"embeddable":true,"href":"https:\/\/von-den-woelfen.com\/index.php\/wp-json\/wp\/v2\/users\/1"}],"replies":[{"embeddable":true,"href":"https:\/\/von-den-woelfen.com\/index.php\/wp-json\/wp\/v2\/comments?post=13"}],"version-history":[{"count":4,"href":"https:\/\/von-den-woelfen.com\/index.php\/wp-json\/wp\/v2\/pages\/13\/revisions"}],"predecessor-version":[{"id":526,"href":"https:\/\/von-den-woelfen.com\/index.php\/wp-json\/wp\/v2\/pages\/13\/revisions\/526"}],"wp:attachment":[{"href":"https:\/\/von-den-woelfen.com\/index.php\/wp-json\/wp\/v2\/media?parent=13"}],"curies":[{"name":"wp","href":"https:\/\/api.w.org\/{rel}","templated":true}]}}